{"id":995,"date":"2025-04-23T16:10:52","date_gmt":"2025-04-23T14:10:52","guid":{"rendered":"https:\/\/technologie.moreauabc.fr\/?page_id=995"},"modified":"2025-04-23T17:49:55","modified_gmt":"2025-04-23T15:49:55","slug":"stage-en-entreprise-2","status":"publish","type":"page","link":"https:\/\/technologie.moreauabc.fr\/index.php\/stage-en-entreprise-2\/","title":{"rendered":"Stage en entreprise"},"content":{"rendered":"<h1><span style=\"color: #ff0000;\">Recherche de stage :<\/span><\/h1>\n<p><span style=\"color: #0000ff;\">Plusieurs outils pour trouver un stage :<\/span><\/p>\n<ol>\n<li><span style=\"color: #0000ff;\">Le site des pages jaunes <a href=\"https:\/\/www.pagesjaunes.fr\/\" target=\"_blank\" rel=\"noopener\">ACCES ICI<\/a><\/span><\/li>\n<li><span style=\"color: #0000ff;\">L&rsquo;annuaire des professionnels 118 000 <a href=\"https:\/\/www.118000.fr\/\" target=\"_blank\" rel=\"noopener\">ACCES ICI<\/a><\/span><\/li>\n<li><span style=\"color: #0000ff;\">La banque de stage ci-dessous (liste \u00e0 v\u00e9rifier, distribution \u00e0 titre indicatif,\u00a0 je communique ici une liste d&rsquo;entreprise ayant pris des d\u00e9j\u00e0 pris des \u00e9l\u00e8ves en stage, si vous observez une erreur dans cette liste, merci de me pr\u00e9venir)<\/span><\/li>\n<\/ol>\n\n\n<div data-wp-interactive=\"core\/file\" class=\"wp-block-file\"><object data-wp-bind--hidden=\"!state.hasPdfPreview\" hidden class=\"wp-block-file__embed\" data=\"https:\/\/technologie.moreauabc.fr\/wp-content\/uploads\/2025\/04\/Banque-de-stages.pdf\" type=\"application\/pdf\" style=\"width:100%;height:600px\" aria-label=\"Contenu embarqu\u00e9 Banque de stages.\"><\/object><a id=\"wp-block-file--media-c73494b0-335c-46e7-8a0a-d026ebc68ad6\" href=\"https:\/\/technologie.moreauabc.fr\/wp-content\/uploads\/2025\/04\/Banque-de-stages.pdf\">Banque de stages<\/a><a href=\"https:\/\/technologie.moreauabc.fr\/wp-content\/uploads\/2025\/04\/Banque-de-stages.pdf\" class=\"wp-block-file__button wp-element-button\" download aria-describedby=\"wp-block-file--media-c73494b0-335c-46e7-8a0a-d026ebc68ad6\">T\u00e9l\u00e9charger<\/a><\/div>\n\n\n<h1><span style=\"color: #ff0000;\">La lettre de motivation<\/span><\/h1>\n<p><span style=\"color: #0000ff;\">Ci-dessous,\u00a0 vous d\u00e9couvrirez un exemple de lettre de motivation.<\/span><\/p>\n<p><span style=\"color: #0000ff;\">la lettre de motivation a pour but de susciter l&rsquo;int\u00e9r\u00eat du destinataire afin d&rsquo;obtenir un entretien ! Il faut soigner ce travail !!<\/span><\/p>\n<p><span style=\"color: #0000ff;\">Quelques conseils :<\/span><\/p>\n<ol>\n<li>\n<p><span style=\"color: #0000ff;\">Ecrire sa lettre \u00e0 l&rsquo;ordinateur pour la corriger facilement<\/span><\/p>\n<\/li>\n<li>\n<p><span style=\"color: #0000ff;\">Faire relire sa lettre par une autre personne (parents, professeurs) pour corriger les fautes d&rsquo;orthographes<\/span><\/p>\n<\/li>\n<li>\n<p><span style=\"color: #0000ff;\">Recopier sa lettre \u00e0 la main (manuscrit) en s&rsquo;appliquant au mieux (pas de rature, ni faute..), Ne pas mettre le nom et l&rsquo;adresse de l&rsquo;entreprise<\/span><\/p>\n<\/li>\n<li>\n<p><span style=\"color: #0000ff;\">Photocopier la lettre et \u00e9crire les noms et adresses des entreprises \u00e0 visiter.<\/span><\/p>\n<\/li>\n<li>\n<p><span style=\"color: #0000ff;\">Lorsque vous trouverez votre entreprise, vous donnerez l&rsquo;exemplaire original.<\/span>\u00a0<\/p>\n<\/li>\n<\/ol>\n\n\n<div data-wp-interactive=\"core\/file\" class=\"wp-block-file\"><object data-wp-bind--hidden=\"!state.hasPdfPreview\" hidden class=\"wp-block-file__embed\" data=\"https:\/\/technologie.moreauabc.fr\/wp-content\/uploads\/2025\/04\/lettre-de-motivation-pour-stage-exemple.pdf\" type=\"application\/pdf\" style=\"width:100%;height:600px\" aria-label=\"Contenu embarqu\u00e9 lettre de motivation pour stage exemple.\"><\/object><a id=\"wp-block-file--media-df83915e-84e9-4743-918c-fd1cf5e16c76\" href=\"https:\/\/technologie.moreauabc.fr\/wp-content\/uploads\/2025\/04\/lettre-de-motivation-pour-stage-exemple.pdf\">lettre de motivation pour stage exemple<\/a><a href=\"https:\/\/technologie.moreauabc.fr\/wp-content\/uploads\/2025\/04\/lettre-de-motivation-pour-stage-exemple.pdf\" class=\"wp-block-file__button wp-element-button\" download aria-describedby=\"wp-block-file--media-df83915e-84e9-4743-918c-fd1cf5e16c76\">T\u00e9l\u00e9charger<\/a><\/div>\n\n\n\n<p>Le fichier libre office :<\/p>\n\n\n\n<div class=\"wp-block-file\"><a id=\"wp-block-file--media-0344d712-233f-42ae-ba4a-add1c7d384b5\" href=\"https:\/\/technologie.moreauabc.fr\/wp-content\/uploads\/2025\/04\/lettre-de-motivation-pour-stage-exemple.odt\">lettre de motivation pour stage exemple<\/a><a href=\"https:\/\/technologie.moreauabc.fr\/wp-content\/uploads\/2025\/04\/lettre-de-motivation-pour-stage-exemple.odt\" class=\"wp-block-file__button wp-element-button\" download aria-describedby=\"wp-block-file--media-0344d712-233f-42ae-ba4a-add1c7d384b5\">T\u00e9l\u00e9charger<\/a><\/div>\n\n\n\n<p><\/p>\n\n\n<h1><span style=\"color: #ff0000;\">Le CV<\/span><\/h1>\n<p><span style=\"color: #0000ff;\">Ci-dessous,\u00a0 vous d\u00e9couvrirez un exemple de CV.<\/span><\/p>\n<p><span style=\"color: #0000ff;\">Votre CV (Curriculum Vitae) vous sera utile pour toute votre carri\u00e8re, alors prenez un bon d\u00e9part !<\/span><\/p>\n\n\n<div data-wp-interactive=\"core\/file\" class=\"wp-block-file\"><object data-wp-bind--hidden=\"!state.hasPdfPreview\" hidden class=\"wp-block-file__embed\" data=\"https:\/\/technologie.moreauabc.fr\/wp-content\/uploads\/2025\/04\/CV-exemple.pdf\" type=\"application\/pdf\" style=\"width:100%;height:600px\" aria-label=\"Contenu embarqu\u00e9 CV exemple.\"><\/object><a id=\"wp-block-file--media-3a98f2a5-031e-4064-977f-c8e4300d0b86\" href=\"https:\/\/technologie.moreauabc.fr\/wp-content\/uploads\/2025\/04\/CV-exemple.pdf\">CV exemple<\/a><a href=\"https:\/\/technologie.moreauabc.fr\/wp-content\/uploads\/2025\/04\/CV-exemple.pdf\" class=\"wp-block-file__button wp-element-button\" download aria-describedby=\"wp-block-file--media-3a98f2a5-031e-4064-977f-c8e4300d0b86\">T\u00e9l\u00e9charger<\/a><\/div>\n\n\n\n<p>Le fichier libre office :<\/p>\n\n\n\n<div class=\"wp-block-file\"><a id=\"wp-block-file--media-2daf3eb7-d2a5-453e-b1f0-d4c6f3e31c8c\" href=\"https:\/\/technologie.moreauabc.fr\/wp-content\/uploads\/2025\/04\/CV-exemple.odt\">CV exemple<\/a><a href=\"https:\/\/technologie.moreauabc.fr\/wp-content\/uploads\/2025\/04\/CV-exemple.odt\" class=\"wp-block-file__button wp-element-button\" download aria-describedby=\"wp-block-file--media-2daf3eb7-d2a5-453e-b1f0-d4c6f3e31c8c\">T\u00e9l\u00e9charger<\/a><\/div>\n\n\n\n<p><\/p>\n","protected":false},"excerpt":{"rendered":"<p>Recherche de stage : Plusieurs outils pour trouver un stage : Le site des pages jaunes ACCES ICI L&rsquo;annuaire des professionnels 118 000 ACCES ICI La banque de stage ci-dessous (liste \u00e0 v\u00e9rifier, distribution \u00e0 titre indicatif,\u00a0 je communique ici une liste d&rsquo;entreprise ayant pris des d\u00e9j\u00e0 pris des \u00e9l\u00e8ves en stage, si vous observez [&hellip;]<\/p>\n","protected":false},"author":1,"featured_media":0,"parent":0,"menu_order":0,"comment_status":"closed","ping_status":"closed","template":"","meta":{"site-sidebar-layout":"default","site-content-layout":"","ast-site-content-layout":"default","site-content-style":"default","site-sidebar-style":"default","ast-global-header-display":"","ast-banner-title-visibility":"","ast-main-header-display":"","ast-hfb-above-header-display":"","ast-hfb-below-header-display":"","ast-hfb-mobile-header-display":"","site-post-title":"","ast-breadcrumbs-content":"","ast-featured-img":"","footer-sml-layout":"","ast-disable-related-posts":"","theme-transparent-header-meta":"","adv-header-id-meta":"","stick-header-meta":"","header-above-stick-meta":"","header-main-stick-meta":"","header-below-stick-meta":"","astra-migrate-meta-layouts":"set","ast-page-background-enabled":"default","ast-page-background-meta":{"desktop":{"background-color":"var(--ast-global-color-4)","background-image":"","background-repeat":"repeat","background-position":"center center","background-size":"auto","background-attachment":"scroll","background-type":"","background-media":"","overlay-type":"","overlay-color":"","overlay-opacity":"","overlay-gradient":""},"tablet":{"background-color":"","background-image":"","background-repeat":"repeat","background-position":"center center","background-size":"auto","background-attachment":"scroll","background-type":"","background-media":"","overlay-type":"","overlay-color":"","overlay-opacity":"","overlay-gradient":""},"mobile":{"background-color":"","background-image":"","background-repeat":"repeat","background-position":"center center","background-size":"auto","background-attachment":"scroll","background-type":"","background-media":"","overlay-type":"","overlay-color":"","overlay-opacity":"","overlay-gradient":""}},"ast-content-background-meta":{"desktop":{"background-color":"var(--ast-global-color-5)","background-image":"","background-repeat":"repeat","background-position":"center center","background-size":"auto","background-attachment":"scroll","background-type":"","background-media":"","overlay-type":"","overlay-color":"","overlay-opacity":"","overlay-gradient":""},"tablet":{"background-color":"var(--ast-global-color-5)","background-image":"","background-repeat":"repeat","background-position":"center center","background-size":"auto","background-attachment":"scroll","background-type":"","background-media":"","overlay-type":"","overlay-color":"","overlay-opacity":"","overlay-gradient":""},"mobile":{"background-color":"var(--ast-global-color-5)","background-image":"","background-repeat":"repeat","background-position":"center center","background-size":"auto","background-attachment":"scroll","background-type":"","background-media":"","overlay-type":"","overlay-color":"","overlay-opacity":"","overlay-gradient":""}},"footnotes":""},"class_list":["post-995","page","type-page","status-publish","hentry"],"_links":{"self":[{"href":"https:\/\/technologie.moreauabc.fr\/index.php\/wp-json\/wp\/v2\/pages\/995","targetHints":{"allow":["GET"]}}],"collection":[{"href":"https:\/\/technologie.moreauabc.fr\/index.php\/wp-json\/wp\/v2\/pages"}],"about":[{"href":"https:\/\/technologie.moreauabc.fr\/index.php\/wp-json\/wp\/v2\/types\/page"}],"author":[{"embeddable":true,"href":"https:\/\/technologie.moreauabc.fr\/index.php\/wp-json\/wp\/v2\/users\/1"}],"replies":[{"embeddable":true,"href":"https:\/\/technologie.moreauabc.fr\/index.php\/wp-json\/wp\/v2\/comments?post=995"}],"version-history":[{"count":11,"href":"https:\/\/technologie.moreauabc.fr\/index.php\/wp-json\/wp\/v2\/pages\/995\/revisions"}],"predecessor-version":[{"id":1021,"href":"https:\/\/technologie.moreauabc.fr\/index.php\/wp-json\/wp\/v2\/pages\/995\/revisions\/1021"}],"wp:attachment":[{"href":"https:\/\/technologie.moreauabc.fr\/index.php\/wp-json\/wp\/v2\/media?parent=995"}],"curies":[{"name":"wp","href":"https:\/\/api.w.org\/{rel}","templated":true}]}}