{"id":33,"date":"2023-06-08T20:41:53","date_gmt":"2023-06-08T18:41:53","guid":{"rendered":"http:\/\/technologie.moreauabc.fr\/?page_id=33"},"modified":"2024-10-08T09:18:16","modified_gmt":"2024-10-08T07:18:16","slug":"skillbot-2023","status":"publish","type":"page","link":"https:\/\/technologie.moreauabc.fr\/index.php\/skillbot-2023\/","title":{"rendered":"Projets-3\u00e8me"},"content":{"rendered":"\n<figure class=\"wp-block-image aligncenter size-full\"><img decoding=\"async\" src=\"https:\/\/technologie-camus-bruay.etab.ac-lille.fr\/files\/2023\/05\/Skillbot.jpg\" alt=\"\" class=\"wp-image-256\"\/><\/figure>\n\n\n\n<h1 class=\"wp-block-heading has-text-align-center\">En 3\u00e8me D : ZooBot<\/h1>\n\n\n\n<p><\/p>\n\n\n<p><iframe loading=\"lazy\" title=\"YouTube video player\" src=\"https:\/\/www.youtube.com\/embed\/JlA1O4fg16o\" width=\"560\" height=\"315\" frameborder=\"0\" allowfullscreen=\"allowfullscreen\"><\/iframe><\/p>\n<p><iframe loading=\"lazy\" title=\"YouTube video player\" src=\"https:\/\/www.youtube.com\/embed\/ErSa8GSs3eQ\" width=\"560\" height=\"315\" frameborder=\"0\" allowfullscreen=\"allowfullscreen\"><\/iframe><\/p>\n\n\n<hr class=\"wp-block-separator has-alpha-channel-opacity\"\/>\n\n\n\n<figure class=\"wp-block-image aligncenter size-full\"><img decoding=\"async\" src=\"https:\/\/technologie-camus-bruay.etab.ac-lille.fr\/files\/2023\/05\/Skillbot.jpg\" alt=\"\" class=\"wp-image-256\"\/><\/figure>\n\n\n\n<h1 class=\"wp-block-heading has-text-align-center\">En 3\u00e8me C : Skylanders<\/h1>\n\n\n<p><iframe loading=\"lazy\" title=\"YouTube video player\" src=\"https:\/\/www.youtube.com\/embed\/517mLIKj8do\" width=\"560\" height=\"315\" frameborder=\"0\" allowfullscreen=\"allowfullscreen\"><\/iframe><\/p>\n<p><iframe loading=\"lazy\" title=\"YouTube video player\" src=\"https:\/\/www.youtube.com\/embed\/QDLS4lwXVLU\" width=\"560\" height=\"315\" frameborder=\"0\" allowfullscreen=\"allowfullscreen\"><\/iframe><\/p>\n\n\n<hr class=\"wp-block-separator has-alpha-channel-opacity\"\/>\n\n\n\n<figure class=\"wp-block-image aligncenter size-full\"><img decoding=\"async\" src=\"https:\/\/technologie-camus-bruay.etab.ac-lille.fr\/files\/2023\/05\/Skillbot.jpg\" alt=\"\" class=\"wp-image-256\"\/><\/figure>\n\n\n\n<h1 class=\"wp-block-heading has-text-align-center\">En 3\u00e8me B : Le Robot Handicap<\/h1>\n\n\n<p><iframe loading=\"lazy\" title=\"YouTube video player\" src=\"https:\/\/www.youtube.com\/embed\/cGDXEcbG0wE\" width=\"560\" height=\"315\" frameborder=\"0\" allowfullscreen=\"allowfullscreen\"><\/iframe><\/p>\n<p><iframe loading=\"lazy\" title=\"YouTube video player\" src=\"https:\/\/www.youtube.com\/embed\/-KHU3brF3uQ\" width=\"560\" height=\"315\" frameborder=\"0\" allowfullscreen=\"allowfullscreen\"><\/iframe><\/p>\n\n\n<hr class=\"wp-block-separator has-alpha-channel-opacity\"\/>\n\n\n\n<figure class=\"wp-block-image aligncenter size-full\"><img decoding=\"async\" src=\"https:\/\/technologie-camus-bruay.etab.ac-lille.fr\/files\/2023\/05\/Skillbot.jpg\" alt=\"\" class=\"wp-image-256\"\/><\/figure>\n\n\n\n<h1 class=\"wp-block-heading has-text-align-center\">En 3\u00e8me A : Robot-Bin<\/h1>\n\n\n<p><iframe loading=\"lazy\" title=\"YouTube video player\" src=\"https:\/\/www.youtube.com\/embed\/w1x3LpGbx3A\" width=\"560\" height=\"315\" frameborder=\"0\" allowfullscreen=\"allowfullscreen\"><\/iframe><\/p>\n\n\n<hr class=\"wp-block-separator has-alpha-channel-opacity\"\/>\n\n\n\n<div data-wp-interactive=\"core\/file\" class=\"wp-block-file\"><object data-wp-bind--hidden=\"!state.hasPdfPreview\" hidden class=\"wp-block-file__embed\" data=\"https:\/\/technologie.moreauabc.fr\/wp-content\/uploads\/2023\/06\/Visite-Fabrique.pdf\" type=\"application\/pdf\" style=\"width:100%;height:600px\" aria-label=\"Contenu embarqu\u00e9 Visite-Fabrique.\"><\/object><a id=\"wp-block-file--media-fc159038-7574-403a-9225-e6afa5bddba2\" href=\"https:\/\/technologie.moreauabc.fr\/wp-content\/uploads\/2023\/06\/Visite-Fabrique.pdf\">Visite-Fabrique<\/a><a href=\"https:\/\/technologie.moreauabc.fr\/wp-content\/uploads\/2023\/06\/Visite-Fabrique.pdf\" class=\"wp-block-file__button wp-element-button\" download aria-describedby=\"wp-block-file--media-fc159038-7574-403a-9225-e6afa5bddba2\">T\u00e9l\u00e9charger<\/a><\/div>\n\n\n\n<p><\/p>\n\n\n\n<div data-wp-interactive=\"core\/file\" class=\"wp-block-file\"><object data-wp-bind--hidden=\"!state.hasPdfPreview\" hidden class=\"wp-block-file__embed\" data=\"https:\/\/technologie.moreauabc.fr\/wp-content\/uploads\/2023\/06\/Visite-Movntec.pdf\" type=\"application\/pdf\" style=\"width:100%;height:600px\" aria-label=\"Contenu embarqu\u00e9 Visite-Movntec.\"><\/object><a id=\"wp-block-file--media-70d75d1c-199c-4792-8bc4-7be7ac14328e\" href=\"https:\/\/technologie.moreauabc.fr\/wp-content\/uploads\/2023\/06\/Visite-Movntec.pdf\">Visite-Movntec<\/a><a href=\"https:\/\/technologie.moreauabc.fr\/wp-content\/uploads\/2023\/06\/Visite-Movntec.pdf\" class=\"wp-block-file__button wp-element-button\" download aria-describedby=\"wp-block-file--media-70d75d1c-199c-4792-8bc4-7be7ac14328e\">T\u00e9l\u00e9charger<\/a><\/div>\n","protected":false},"excerpt":{"rendered":"<p>En 3\u00e8me D : ZooBot En 3\u00e8me C : Skylanders En 3\u00e8me B : Le Robot Handicap En 3\u00e8me A : Robot-Bin<\/p>\n","protected":false},"author":1,"featured_media":0,"parent":0,"menu_order":0,"comment_status":"closed","ping_status":"closed","template":"","meta":{"site-sidebar-layout":"default","site-content-layout":"","ast-site-content-layout":"default","site-content-style":"default","site-sidebar-style":"default","ast-global-header-display":"","ast-banner-title-visibility":"","ast-main-header-display":"","ast-hfb-above-header-display":"","ast-hfb-below-header-display":"","ast-hfb-mobile-header-display":"","site-post-title":"","ast-breadcrumbs-content":"","ast-featured-img":"","footer-sml-layout":"","ast-disable-related-posts":"","theme-transparent-header-meta":"","adv-header-id-meta":"","stick-header-meta":"","header-above-stick-meta":"","header-main-stick-meta":"","header-below-stick-meta":"","astra-migrate-meta-layouts":"set","ast-page-background-enabled":"default","ast-page-background-meta":{"desktop":{"background-color":"var(--ast-global-color-4)","background-image":"","background-repeat":"repeat","background-position":"center center","background-size":"auto","background-attachment":"scroll","background-type":"","background-media":"","overlay-type":"","overlay-color":"","overlay-opacity":"","overlay-gradient":""},"tablet":{"background-color":"","background-image":"","background-repeat":"repeat","background-position":"center center","background-size":"auto","background-attachment":"scroll","background-type":"","background-media":"","overlay-type":"","overlay-color":"","overlay-opacity":"","overlay-gradient":""},"mobile":{"background-color":"","background-image":"","background-repeat":"repeat","background-position":"center center","background-size":"auto","background-attachment":"scroll","background-type":"","background-media":"","overlay-type":"","overlay-color":"","overlay-opacity":"","overlay-gradient":""}},"ast-content-background-meta":{"desktop":{"background-color":"var(--ast-global-color-5)","background-image":"","background-repeat":"repeat","background-position":"center center","background-size":"auto","background-attachment":"scroll","background-type":"","background-media":"","overlay-type":"","overlay-color":"","overlay-opacity":"","overlay-gradient":""},"tablet":{"background-color":"var(--ast-global-color-5)","background-image":"","background-repeat":"repeat","background-position":"center center","background-size":"auto","background-attachment":"scroll","background-type":"","background-media":"","overlay-type":"","overlay-color":"","overlay-opacity":"","overlay-gradient":""},"mobile":{"background-color":"var(--ast-global-color-5)","background-image":"","background-repeat":"repeat","background-position":"center center","background-size":"auto","background-attachment":"scroll","background-type":"","background-media":"","overlay-type":"","overlay-color":"","overlay-opacity":"","overlay-gradient":""}},"footnotes":""},"class_list":["post-33","page","type-page","status-publish","hentry"],"_links":{"self":[{"href":"https:\/\/technologie.moreauabc.fr\/index.php\/wp-json\/wp\/v2\/pages\/33","targetHints":{"allow":["GET"]}}],"collection":[{"href":"https:\/\/technologie.moreauabc.fr\/index.php\/wp-json\/wp\/v2\/pages"}],"about":[{"href":"https:\/\/technologie.moreauabc.fr\/index.php\/wp-json\/wp\/v2\/types\/page"}],"author":[{"embeddable":true,"href":"https:\/\/technologie.moreauabc.fr\/index.php\/wp-json\/wp\/v2\/users\/1"}],"replies":[{"embeddable":true,"href":"https:\/\/technologie.moreauabc.fr\/index.php\/wp-json\/wp\/v2\/comments?post=33"}],"version-history":[{"count":17,"href":"https:\/\/technologie.moreauabc.fr\/index.php\/wp-json\/wp\/v2\/pages\/33\/revisions"}],"predecessor-version":[{"id":537,"href":"https:\/\/technologie.moreauabc.fr\/index.php\/wp-json\/wp\/v2\/pages\/33\/revisions\/537"}],"wp:attachment":[{"href":"https:\/\/technologie.moreauabc.fr\/index.php\/wp-json\/wp\/v2\/media?parent=33"}],"curies":[{"name":"wp","href":"https:\/\/api.w.org\/{rel}","templated":true}]}}